{"id":460,"date":"2023-07-13T11:33:53","date_gmt":"2023-07-13T11:33:53","guid":{"rendered":"https:\/\/fiterraiberia.com\/?page_id=460"},"modified":"2023-07-13T11:43:52","modified_gmt":"2023-07-13T11:43:52","slug":"produtos-2","status":"publish","type":"page","link":"https:\/\/fiterraiberia.com\/index.php\/produtos-2\/","title":{"rendered":"Produtos"},"content":{"rendered":"\t\t<div data-elementor-type=\"wp-page\" data-elementor-id=\"460\" class=\"elementor elementor-460\">\n\t\t\t\t\t\t\t\t\t<section class=\"elementor-section elementor-top-section elementor-element elementor-element-729e53f elementor-section-boxed elementor-section-height-default elementor-section-height-default\" data-id=\"729e53f\" data-element_type=\"section\" data-settings=\"{&quot;_ha_eqh_enable&quot;:false}\">\n\t\t\t\t\t\t<div class=\"elementor-container elementor-column-gap-default\">\n\t\t\t\t\t<div class=\"elementor-column elementor-col-100 elementor-top-column elementor-element elementor-element-2a1315f\" data-id=\"2a1315f\" data-element_type=\"column\">\n\t\t\t<div class=\"elementor-widget-wrap elementor-element-populated\">\n\t\t\t\t\t\t\t\t<section class=\"elementor-section elementor-inner-section elementor-element elementor-element-0e6aeb2 elementor-section-boxed elementor-section-height-default elementor-section-height-default\" data-id=\"0e6aeb2\" data-element_type=\"section\" data-settings=\"{&quot;_ha_eqh_enable&quot;:false}\">\n\t\t\t\t\t\t<div class=\"elementor-container elementor-column-gap-default\">\n\t\t\t\t\t<div class=\"elementor-column elementor-col-50 elementor-inner-column elementor-element elementor-element-36d596b\" data-id=\"36d596b\" data-element_type=\"column\">\n\t\t\t<div class=\"elementor-widget-wrap\">\n\t\t\t\t\t\t\t\t\t<\/div>\n\t\t<\/div>\n\t\t\t\t<div class=\"elementor-column elementor-col-50 elementor-inner-column elementor-element elementor-element-9732598\" data-id=\"9732598\" data-element_type=\"column\">\n\t\t\t<div class=\"elementor-widget-wrap\">\n\t\t\t\t\t\t\t\t\t<\/div>\n\t\t<\/div>\n\t\t\t\t\t\t\t<\/div>\n\t\t<\/section>\n\t\t\t\t<div class=\"elementor-element elementor-element-6100bd7 elementor-widget elementor-widget-heading\" data-id=\"6100bd7\" data-element_type=\"widget\" data-widget_type=\"heading.default\">\n\t\t\t\t<div class=\"elementor-widget-container\">\n\t\t\t<style>\/*! elementor - v3.14.0 - 26-06-2023 *\/\n.elementor-heading-title{padding:0;margin:0;line-height:1}.elementor-widget-heading .elementor-heading-title[class*=elementor-size-]>a{color:inherit;font-size:inherit;line-height:inherit}.elementor-widget-heading .elementor-heading-title.elementor-size-small{font-size:15px}.elementor-widget-heading .elementor-heading-title.elementor-size-medium{font-size:19px}.elementor-widget-heading .elementor-heading-title.elementor-size-large{font-size:29px}.elementor-widget-heading .elementor-heading-title.elementor-size-xl{font-size:39px}.elementor-widget-heading .elementor-heading-title.elementor-size-xxl{font-size:59px}<\/style><h1 class=\"elementor-heading-title elementor-size-default\">Produtos<\/h1>\t\t<\/div>\n\t\t\t\t<\/div>\n\t\t\t\t\t<\/div>\n\t\t<\/div>\n\t\t\t\t\t\t\t<\/div>\n\t\t<\/section>\n\t\t\t\t<section class=\"elementor-section elementor-top-section elementor-element elementor-element-780e2ec elementor-section-boxed elementor-section-height-default elementor-section-height-default\" data-id=\"780e2ec\" data-element_type=\"section\" data-settings=\"{&quot;_ha_eqh_enable&quot;:false}\">\n\t\t\t\t\t\t<div class=\"elementor-container elementor-column-gap-default\">\n\t\t\t\t\t<div class=\"elementor-column elementor-col-100 elementor-top-column elementor-element elementor-element-cacb60e\" data-id=\"cacb60e\" data-element_type=\"column\">\n\t\t\t<div class=\"elementor-widget-wrap elementor-element-populated\">\n\t\t\t\t\t\t\t\t<div class=\"elementor-element elementor-element-995b202 elementor-widget elementor-widget-ea-amox-grid\" data-id=\"995b202\" data-element_type=\"widget\" data-widget_type=\"ea-amox-grid.default\">\n\t\t\t\t<div class=\"elementor-widget-container\">\n\t\t\t\t\t<div class=\"ea-amox-grid\">\n\t\t\t\t\t\t\t\t\t<div class=\"ea-item \">\n\t\t\t<div class=\"ea-img-wrap\">\n\t\t\t\t\t\t<img decoding=\"async\" class=\"ea-img\" src=\"https:\/\/fiterraiberia.com\/wp-content\/uploads\/2023\/06\/WhatsApp-Image-2023-07-11-at-13.19.52.jpeg\" alt=\"BIOKRAFT D\">\r\n\t\t\t\t\t<\/div>\n\t\t\t<div class=\"ea-content\">\n\t\t\t\t\t\t\t\t\t\t<h3 class=\"ea-title\">\r\n\t\t\t<a href=\"https:\/\/fiterraiberia.com\/index.php\/product\/biokraft-d\/\" class=\"title-animation-underline\" title=\"BIOKRAFT D\">\r\n\t\t\t\tBIOKRAFT D\t\t\t<\/a>\r\n\t\t<\/h3>\r\n\t\t        <div class=\"ea-text-wrap\">\n          \t\t<div class=\"ea-text\">\r\n\t\t<p>Prepara\u00e7\u00e3o microbiana para a decomposi\u00e7\u00e3o de res\u00edduos de culturas e sa\u00fade do solo com base no Trychoderm<\/p>\n\t\t<\/div>\r\n\t\t        <\/div>\n\t\t\t\t<div class=\"ea-meta ea-flex-inline ea-flex-middle\">\n\t\t\t\t\t\t\t\t\t\t\t\t\t\t<\/div>\n        \t\t\t<\/div>\n\t\t<\/div>\n\t\t\t\t\t\t\t\t\t\t<div class=\"ea-item \">\n\t\t\t<div class=\"ea-img-wrap\">\n\t\t\t\t\t\t<img decoding=\"async\" class=\"ea-img\" src=\"https:\/\/fiterraiberia.com\/wp-content\/uploads\/2023\/06\/WhatsApp-Image-2023-07-11-at-13.19.51-1.jpeg\" alt=\"BIOKRAFT\">\r\n\t\t\t\t\t<\/div>\n\t\t\t<div class=\"ea-content\">\n\t\t\t\t\t\t\t\t\t\t<h3 class=\"ea-title\">\r\n\t\t\t<a href=\"https:\/\/fiterraiberia.com\/index.php\/product\/biokraft\/\" class=\"title-animation-underline\" title=\"BIOKRAFT\">\r\n\t\t\t\tBIOKRAFT\t\t\t<\/a>\r\n\t\t<\/h3>\r\n\t\t        <div class=\"ea-text-wrap\">\n          \t\t<div class=\"ea-text\">\r\n\t\t<p>PREPARA\u00c7\u00c3O MICROBIANA P- bacterias solubilizadoras N- bacterias fixadoras<\/p>\n\t\t<\/div>\r\n\t\t        <\/div>\n\t\t\t\t<div class=\"ea-meta ea-flex-inline ea-flex-middle\">\n\t\t\t\t\t\t\t\t\t\t\t\t\t\t<\/div>\n        \t\t\t<\/div>\n\t\t<\/div>\n\t\t\t\t\t\t\t\t\t\t<div class=\"ea-item \">\n\t\t\t<div class=\"ea-img-wrap\">\n\t\t\t\t\t\t<img decoding=\"async\" class=\"ea-img\" src=\"https:\/\/fiterraiberia.com\/wp-content\/uploads\/2023\/06\/WhatsApp-Image-2023-07-11-at-13.19.51.jpeg\" alt=\"Bio Humix\">\r\n\t\t\t\t\t<\/div>\n\t\t\t<div class=\"ea-content\">\n\t\t\t\t\t\t\t\t\t\t<h3 class=\"ea-title\">\r\n\t\t\t<a href=\"https:\/\/fiterraiberia.com\/index.php\/product\/bio-humix\/\" class=\"title-animation-underline\" title=\"Bio Humix\">\r\n\t\t\t\tBio Humix\t\t\t<\/a>\r\n\t\t<\/h3>\r\n\t\t        <div class=\"ea-text-wrap\">\n          \t\t<div class=\"ea-text\">\r\n\t\t<p>Fertilizante org\u00e2nico l\u00edquido<\/p>\n\t\t<\/div>\r\n\t\t        <\/div>\n\t\t\t\t<div class=\"ea-meta ea-flex-inline ea-flex-middle\">\n\t\t\t\t\t\t\t\t\t\t\t\t\t\t<\/div>\n        \t\t\t<\/div>\n\t\t<\/div>\n\t\t\t\t\t\t<\/div>\n\n\t\t\t\t\t<div class=\"ep-pagination\">\n\t\t\t\t\t\t\t<\/div>\n\t\t<\/div>\n\t\t\t\t<\/div>\n\t\t\t\t\t<\/div>\n\t\t<\/div>\n\t\t\t\t\t\t\t<\/div>\n\t\t<\/section>\n\t\t\t\t\t\t\t<\/div>\n\t\t","protected":false},"excerpt":{"rendered":"<p>Produtos BIOKRAFT D Prepara\u00e7\u00e3o microbiana para a decomposi\u00e7\u00e3o de res\u00edduos de culturas e sa\u00fade do solo com base no Trychoderm BIOKRAFT PREPARA\u00c7\u00c3O MICROBIANA P- bacterias solubilizadoras N- bacterias fixadoras Bio Humix Fertilizante org\u00e2nico l\u00edquido<\/p>\n","protected":false},"author":1,"featured_media":0,"parent":0,"menu_order":0,"comment_status":"closed","ping_status":"closed","template":"","meta":{"footnotes":""},"class_list":["post-460","page","type-page","status-publish","hentry"],"_links":{"self":[{"href":"https:\/\/fiterraiberia.com\/index.php\/wp-json\/wp\/v2\/pages\/460","targetHints":{"allow":["GET"]}}],"collection":[{"href":"https:\/\/fiterraiberia.com\/index.php\/wp-json\/wp\/v2\/pages"}],"about":[{"href":"https:\/\/fiterraiberia.com\/index.php\/wp-json\/wp\/v2\/types\/page"}],"author":[{"embeddable":true,"href":"https:\/\/fiterraiberia.com\/index.php\/wp-json\/wp\/v2\/users\/1"}],"replies":[{"embeddable":true,"href":"https:\/\/fiterraiberia.com\/index.php\/wp-json\/wp\/v2\/comments?post=460"}],"version-history":[{"count":8,"href":"https:\/\/fiterraiberia.com\/index.php\/wp-json\/wp\/v2\/pages\/460\/revisions"}],"predecessor-version":[{"id":468,"href":"https:\/\/fiterraiberia.com\/index.php\/wp-json\/wp\/v2\/pages\/460\/revisions\/468"}],"wp:attachment":[{"href":"https:\/\/fiterraiberia.com\/index.php\/wp-json\/wp\/v2\/media?parent=460"}],"curies":[{"name":"wp","href":"https:\/\/api.w.org\/{rel}","templated":true}]}}