{"id":272,"date":"2023-06-20T11:33:45","date_gmt":"2023-06-20T11:33:45","guid":{"rendered":"https:\/\/fiterraiberia.com\/?post_type=product&#038;p=272"},"modified":"2023-07-14T13:48:37","modified_gmt":"2023-07-14T13:48:37","slug":"bio-humix","status":"publish","type":"product","link":"https:\/\/fiterraiberia.com\/index.php\/product\/bio-humix\/","title":{"rendered":"Bio Humix"},"content":{"rendered":"<p>PFC 1(A)(II): FERTILIZANTE ORG\u00c2NICO L\u00cdQUIDO<br \/>\nIngredientes:<br \/>\nSapropel (CMC 1: Mat\u00e9rias-primas prim\u00e1rias e misturas)<\/p>\n<p>Teor total de azoto (N), em azoto org\u00e2nico (Norg) de origem natural do sapropel &#8211; 2,5% (m\/m)<br \/>\nTeor total de pent\u00f3xido de f\u00f3sforo (P2O5) &#8211; 2,0 (m\/m)<br \/>\nTeor de \u00f3xido de pot\u00e1ssio total (K2O) de origem natural &#8211; 2,5% (m\/m)<br \/>\nTeor de carbono org\u00e2nico (Corg) &#8211; 35,0% (m\/m)<br \/>\nTeor de mat\u00e9ria org\u00e2nica &#8211; 80% (m\/m)<br \/>\nTeor de mat\u00e9ria h\u00famica &#8211; 11,2 g\/l<br \/>\npH &#8211; 8,5-9,5<br \/>\nCont\u00e9m outros macro e microelementos essenciais para as plantas, de origem natural<\/p>\n<p>Instru\u00e7\u00f5es de aplica\u00e7\u00e3o:<br \/>\nO adubo l\u00edquido h\u00famico \u00e9 um l\u00edquido castanho-escuro com um ligeiro odor a terra e destina-se a ser utilizado na planta\u00e7\u00e3o de legumes, frutas e plantas ornamentais, na planta\u00e7\u00e3o de legumes e flores no quintal, juntamente com a alimenta\u00e7\u00e3o e pulveriza\u00e7\u00e3o de plantas, na alimenta\u00e7\u00e3o de ra\u00edzes e na prepara\u00e7\u00e3o de sementes antes da sementeira. Promove o enraizamento r\u00e1pido de estacas de rebentos, \u00e9 respons\u00e1vel pelo crescimento adequado e pelo crescimento das plantas na fase vegetativa ap\u00f3s a sementeira no solo, reduz o teor de nitratos da produ\u00e7\u00e3o agr\u00edcola, protege as plantas dos efeitos de metais pesados e subst\u00e2ncias radioactivas, aumenta o teor de a\u00e7\u00facar, prote\u00ednas e vitaminas dos frutos e legumes, elimina a clorose e tem um efeito positivo na flora\u00e7\u00e3o das plantas. O produto pode ser utilizado juntamente com herbicidas, fungicidas e insecticidas, permitindo a sua aplica\u00e7\u00e3o simult\u00e2nea sem perturbar o processo tecnol\u00f3gico. N\u00e3o \u00e9 t\u00f3xico e n\u00e3o cont\u00e9m aditivos nocivos.<\/p>\n<p>Doses aproximadas de fertilizantes:<br \/>\nCEREAIS, FAVAS, OLEAGINOSAS, GRAM\u00cdNEAS PERENES<br \/>\nTratamento das sementes antes da sementeira: 2-3 l por tonelada de sementes, com ou sem aplica\u00e7\u00e3o de medidas tradicionais. Primeira pulveriza\u00e7\u00e3o foliar na fase de espigamento (aparecimento de 3-5 folhas). Taxa de aplica\u00e7\u00e3o: 2-4 l\/ha + 300-500 l de \u00e1gua. Pode ser aplicado em simult\u00e2neo com herbicidas.<br \/>\nPRODUTOS HORT\u00cdCOLAS, PLANTAS TUBEROSAS<br \/>\nMergulhar as sementes na solu\u00e7\u00e3o preparada do preparado (dose: 1l por 10 l de \u00e1gua) \u00e0 temperatura ambiente durante 24 h, e preparar as sementes secas para a sementeira. Primeira pulveriza\u00e7\u00e3o foliar no in\u00edcio do desenvolvimento dos gomos &#8211; dose: 2-4 l\/ha + 300-500 l de \u00e1gua. Segunda pulveriza\u00e7\u00e3o foliar durante 2 semanas ap\u00f3s a primeira, no in\u00edcio da produ\u00e7\u00e3o &#8211; dose &#8211; 5l + 300-500 l de \u00e1gua.<br \/>\n\u00c1RVORES DE FRUTO E ARBUSTOS<\/p>\n<p>Alimenta\u00e7\u00e3o na superf\u00edcie foliar das \u00e1rvores 7-10 dias antes da flora\u00e7\u00e3o &#8211; dose de prepara\u00e7\u00e3o 2l + 50-300 l de \u00e1gua; rendimento por \u00e1rvore de 3 a 20 l de prepara\u00e7\u00e3o, dependendo da idade da \u00e1rvore. Segunda alimenta\u00e7\u00e3o &#8211; 5-7 dias ap\u00f3s a flora\u00e7\u00e3o &#8211; 2l + 50-300l de \u00e1gua; rendimento por \u00e1rvore de 3 a 20l, consoante a idade da \u00e1rvore. Podem ser efectuadas mais 2-3 fases de alimenta\u00e7\u00e3o 7-10 dias ap\u00f3s a pulveriza\u00e7\u00e3o anterior.<\/p>\n<p>Este produto pode ser misturado com muitos produtos fitofarmac\u00eauticos. No caso de uma mistura, \u00e9 da responsabilidade do utilizador test\u00e1-la antes da aplica\u00e7\u00e3o. Deitar no dep\u00f3sito em \u00faltimo recurso.<br \/>\nPara informa\u00e7\u00f5es mais detalhadas, contactar o seu distribuidor. e-mail: info@fiterra.by<\/p>\n<p>Condi\u00e7\u00f5es de armazenamento recomendadas:<br \/>\nArmazenar o produto entre 5\u00b0C e 35oC na embalagem original selada. N\u00e3o expor \u00e0 luz solar directa.<br \/>\nInforma\u00e7\u00f5es de seguran\u00e7a e ambientais:<br \/>\nLavar as m\u00e3os ap\u00f3s a utiliza\u00e7\u00e3o.<\/p>\n<p>N\u00famero de lote e data de produ\u00e7\u00e3o: ver na embalagem.<\/p>\n<p>Data de validade da garantia: 2 anos<br \/>\nCapacidade l\u00edquida: 20l Forma: L\u00cdQUIDO<\/p>\n","protected":false},"excerpt":{"rendered":"<p>Fertilizante org\u00e2nico l\u00edquido<\/p>\n","protected":false},"featured_media":427,"template":"","meta":[],"product_brand":[],"product_cat":[15],"product_tag":[],"class_list":{"0":"post-272","1":"product","2":"type-product","3":"status-publish","4":"has-post-thumbnail","6":"product_cat-uncategorized","8":"first","9":"instock","10":"shipping-taxable","11":"product-type-simple"},"_links":{"self":[{"href":"https:\/\/fiterraiberia.com\/index.php\/wp-json\/wp\/v2\/product\/272","targetHints":{"allow":["GET"]}}],"collection":[{"href":"https:\/\/fiterraiberia.com\/index.php\/wp-json\/wp\/v2\/product"}],"about":[{"href":"https:\/\/fiterraiberia.com\/index.php\/wp-json\/wp\/v2\/types\/product"}],"wp:featuredmedia":[{"embeddable":true,"href":"https:\/\/fiterraiberia.com\/index.php\/wp-json\/wp\/v2\/media\/427"}],"wp:attachment":[{"href":"https:\/\/fiterraiberia.com\/index.php\/wp-json\/wp\/v2\/media?parent=272"}],"wp:term":[{"taxonomy":"product_brand","embeddable":true,"href":"https:\/\/fiterraiberia.com\/index.php\/wp-json\/wp\/v2\/product_brand?post=272"},{"taxonomy":"product_cat","embeddable":true,"href":"https:\/\/fiterraiberia.com\/index.php\/wp-json\/wp\/v2\/product_cat?post=272"},{"taxonomy":"product_tag","embeddable":true,"href":"https:\/\/fiterraiberia.com\/index.php\/wp-json\/wp\/v2\/product_tag?post=272"}],"curies":[{"name":"wp","href":"https:\/\/api.w.org\/{rel}","templated":true}]}}